{"id":206,"date":"2024-01-12T10:58:27","date_gmt":"2024-01-12T09:58:27","guid":{"rendered":"https:\/\/entrevilleetcampagne.fr\/?page_id=206"},"modified":"2025-02-02T16:21:47","modified_gmt":"2025-02-02T15:21:47","slug":"2024-une-nouvelle-annee","status":"publish","type":"page","link":"https:\/\/entrevilleetcampagne.fr\/","title":{"rendered":"2025, vers la 6\u00e8me ?"},"content":{"rendered":"<h4 id=\"yiv2315678551ydpba6844cyiv4085317450ydp9e128d36yiv5609180593ydp43c2b76ayiv6793309160ydpe72a0120yiv8647666537ydpdc269f14yiv2703988253\" dir=\"ltr\" style=\"text-align: center;\">Dans le contexte de d\u00e9bandade du gouvernement,\u00a0 plusieurs journaux parlent des limites de notre 5\u00e8me r\u00e9publique. s&rsquo;il \u00e9tait temps de transformer l&rsquo;essai ? <a href=\"https:\/\/www.youtube.com\/watch?v=91obc5MiNP0\" target=\"_blank\" rel=\"nofollow noopener noreferrer\">f . Bayrou ? par Mathilde Panot<\/a> . Le d\u00e9bat porte sur le changement de la constitution pour qui et pour quoi , pour une meilleure d\u00e9mocratie, pour des gains sociaux, pour r\u00e9duire les in\u00e9galit\u00e9s !!!<\/h4>\n<h4 dir=\"ltr\" style=\"text-align: center;\"><b>attention au discours lib\u00e9ral<\/b> qui id\u00e9alise la libert\u00e9 individuelle, la responsabilit\u00e9 individuelle, le refus de l&rsquo;universalisme, le d\u00e9ni du \u00ab\u00a0one health\u00a0\u00bb, des limites plan\u00e9taires , des limites du corps humains, la r\u00e9f\u00e9rence \u00e0 une hi\u00e9rarchisation du vivant, et au syst\u00e8me racial (le racisme existe mais pas les races !!! ). Pour nous faire travailler, nous user jusqu&rsquo;\u00e0 l os, et ce pour leur profit personnel et familial, ils croient \u00e0 la propri\u00e9t\u00e9 priv\u00e9e familiale, de classe ou de clan. La plan\u00e8te est limit\u00e9e,\u00a0 pas de probl\u00e8me c est eux d&rsquo;abord , avec les robots et l &lsquo;IA pas besoin de tous et toutes selon eux.. Voil\u00e0 comment eux ils pensent.<\/h4>\n<h3 dir=\"ltr\" style=\"text-align: center;\"><b>Nous nous souhaitons le meilleur \u00e0 tout le Vivant en revenant sur des valeurs universelles humanistes \u00e9cologistes et sociales ! nous on avance vers un autre monde <\/b><\/h3>\n<div style=\"text-align: center;\">\n<p><a id=\"yiv2315678551ydpba6844cyiv4085317450ydp9e128d36yiv5609180593ydp43c2b76ayiv6793309160ydpe72a0120yiv8647666537ydpdc269f14yiv2703988253linkextractor__1734036026695\" href=\"https:\/\/www.c6r.org\/sortir-du-presidentialisme-c-est-possible-un-communique-de-la-convention-pour-la-6o-republique\" target=\"_blank\" rel=\"nofollow noopener noreferrer\">https:\/\/www.c6r.org\/sortir-du-presidentialisme-c-est-possible-un-communique-de-la-convention-pour-la-6o-republique<\/a><\/p>\n<div><a id=\"yiv2315678551ydpba6844cyiv4085317450ydp9e128d36yiv5609180593ydp43c2b76ayiv6793309160ydpe72a0120yiv8647666537ydpdc269f14yiv2703988253linkextractor__1734036170673\" class=\"yiv2315678551ydpba6844cyiv4085317450ydp9e128d36yiv5609180593ydp43c2b76ayiv6793309160ydpe72a0120yiv8647666537ydpdc269f14yiv2703988253lEnhancr_1734036174028\" href=\"https:\/\/youtu.be\/7HzdgFGvUew?feature=shared\" target=\"_blank\" rel=\"nofollow noopener noreferrer\">Charlotte Girard et Benjamin Morel &#8211; D\u00e9mocratie en p\u00e9ril : la Ve R\u00e9publique en cause ?<\/a><\/div>\n<\/div>\n<div style=\"text-align: center;\"><\/div>\n<h4 dir=\"ltr\" style=\"text-align: center;\">Par ailleurs, LFI a eu son assembl\u00e9e repr\u00e9sentative le 14 d\u00e9cembre, la strat\u00e9gie politique 2025 est soumise au vote des insoumis.e.s, militant.e.s m\u00eame occasionnel.le.s. vous remarquerez que l&rsquo;objectif 50 du texte strat\u00e9gique 2025 parle bien d approche du changement de constitution ou de la 6\u00e8me r\u00e9publique.\u00a0 Ce texte est soumis au vote de tout insoumis.e , les 500 000 qui sont connect\u00e9.e.s par mail sur le site la France insoumise. n\u2019h\u00e9sitez pas \u00e0 dire votre avis . c&rsquo;est la seule fa\u00e7on d&rsquo;influencer le travail collectif. <a href=\"https:\/\/actionpopulaire.fr\/consultations\/1fd06b64-ad9b-499a-8f55-827992db9522\/\" target=\"_blank\" rel=\"nofollow noopener noreferrer\">https:\/\/actionpopulaire.fr\/consultations\/1fd06b64-ad9b-499a-8f55-827992db9522\/<\/a><b><\/b><\/h4>\n<h3 dir=\"ltr\" style=\"text-align: center;\"><b>une fin d&rsquo;ann\u00e9e solidaire et g\u00e9n\u00e9reuse autant faire se peut.<\/b><\/h3>\n<p><img loading=\"lazy\" decoding=\"async\" class=\"alignnone size-medium wp-image-210\" src=\"https:\/\/entrevilleetcampagne.fr\/wp-content\/uploads\/2024\/01\/bonne-annee-en-berry-300x213.png\" alt=\"\" width=\"300\" height=\"213\" srcset=\"https:\/\/entrevilleetcampagne.fr\/wp-content\/uploads\/2024\/01\/bonne-annee-en-berry-300x213.png 300w, https:\/\/entrevilleetcampagne.fr\/wp-content\/uploads\/2024\/01\/bonne-annee-en-berry-1024x726.png 1024w, https:\/\/entrevilleetcampagne.fr\/wp-content\/uploads\/2024\/01\/bonne-annee-en-berry-768x545.png 768w, https:\/\/entrevilleetcampagne.fr\/wp-content\/uploads\/2024\/01\/bonne-annee-en-berry.png 1166w\" sizes=\"auto, (max-width: 300px) 100vw, 300px\" \/><\/p>\n","protected":false},"excerpt":{"rendered":"<p>Dans le contexte de d\u00e9bandade du gouvernement,\u00a0 plusieurs journaux parlent des limites de notre 5\u00e8me r\u00e9publique. s&rsquo;il \u00e9tait temps de transformer l&rsquo;essai ? f . Bayrou ? par Mathilde Panot . Le d\u00e9bat porte sur le changement de la constitution &hellip; <a href=\"https:\/\/entrevilleetcampagne.fr\/\">Continuer la lecture <span class=\"meta-nav\">&rarr;<\/span><\/a><\/p>\n","protected":false},"author":1,"featured_media":0,"parent":0,"menu_order":1,"comment_status":"closed","ping_status":"closed","template":"","meta":{"footnotes":""},"class_list":["post-206","page","type-page","status-publish","hentry"],"_links":{"self":[{"href":"https:\/\/entrevilleetcampagne.fr\/index.php\/wp-json\/wp\/v2\/pages\/206","targetHints":{"allow":["GET"]}}],"collection":[{"href":"https:\/\/entrevilleetcampagne.fr\/index.php\/wp-json\/wp\/v2\/pages"}],"about":[{"href":"https:\/\/entrevilleetcampagne.fr\/index.php\/wp-json\/wp\/v2\/types\/page"}],"author":[{"embeddable":true,"href":"https:\/\/entrevilleetcampagne.fr\/index.php\/wp-json\/wp\/v2\/users\/1"}],"replies":[{"embeddable":true,"href":"https:\/\/entrevilleetcampagne.fr\/index.php\/wp-json\/wp\/v2\/comments?post=206"}],"version-history":[{"count":10,"href":"https:\/\/entrevilleetcampagne.fr\/index.php\/wp-json\/wp\/v2\/pages\/206\/revisions"}],"predecessor-version":[{"id":275,"href":"https:\/\/entrevilleetcampagne.fr\/index.php\/wp-json\/wp\/v2\/pages\/206\/revisions\/275"}],"wp:attachment":[{"href":"https:\/\/entrevilleetcampagne.fr\/index.php\/wp-json\/wp\/v2\/media?parent=206"}],"curies":[{"name":"wp","href":"https:\/\/api.w.org\/{rel}","templated":true}]}}