{"id":32,"date":"2022-08-11T18:33:56","date_gmt":"2022-08-11T16:33:56","guid":{"rendered":"https:\/\/entrevilleetcampagne.fr\/?page_id=32"},"modified":"2024-05-26T06:02:31","modified_gmt":"2024-05-26T04:02:31","slug":"on-collabore-pour-reussir","status":"publish","type":"page","link":"https:\/\/entrevilleetcampagne.fr\/index.php\/on-collabore-pour-reussir\/","title":{"rendered":"on collabore pour r\u00e9ussir"},"content":{"rendered":"<p align=\"justify\"><span style=\"font-family: Nimbus Sans, sans-serif;\"><span style=\"font-size: medium;\">Citoyens, citoyennes ! Habitant.e.s des villes ou de la campagne, syndicalistes, militant.e.s politiques ou associatifs, vous trouverez ici de quoi nourrir vos r\u00e9flexions, d\u00e9couvrir ce qu\u2019il est possible de faire localement, de quoi penser la transformation de votre environnement proche. Produire autrement, se d\u00e9placer autrement, consommer et acqu\u00e9rir sans argent, imaginer de nouvelles coop\u00e9rations et partager sont les objectifs que nous nous donnons.<\/span><\/span><\/p>\n<p align=\"justify\"><span style=\"font-family: Nimbus Sans, sans-serif;\"><span style=\"font-size: medium;\"><a href=\"https:\/\/entrevilleetcampagne.fr\/index.php\/2022\/08\/13\/des-rats-chez-nous\/\" target=\"_blank\" rel=\"noopener\">des rats chez nous !<\/a><br \/>\n<\/span><\/span><\/p>\n<p align=\"justify\"><a href=\"https:\/\/entrevilleetcampagne.fr\/index.php\/2024\/05\/20\/vous-avez-dit-care\/\" target=\"_blank\" rel=\"noopener\">vous avez dit care ?<\/a><\/p>\n<p align=\"justify\">\n","protected":false},"excerpt":{"rendered":"<p>Citoyens, citoyennes ! Habitant.e.s des villes ou de la campagne, syndicalistes, militant.e.s politiques ou associatifs, vous trouverez ici de quoi nourrir vos r\u00e9flexions, d\u00e9couvrir ce qu\u2019il est possible de faire localement, de quoi penser la transformation de votre environnement proche. &hellip; <a href=\"https:\/\/entrevilleetcampagne.fr\/index.php\/on-collabore-pour-reussir\/\">Continuer la lecture <span class=\"meta-nav\">&rarr;<\/span><\/a><\/p>\n","protected":false},"author":1,"featured_media":0,"parent":0,"menu_order":3,"comment_status":"closed","ping_status":"closed","template":"","meta":{"footnotes":""},"class_list":["post-32","page","type-page","status-publish","hentry"],"_links":{"self":[{"href":"https:\/\/entrevilleetcampagne.fr\/index.php\/wp-json\/wp\/v2\/pages\/32","targetHints":{"allow":["GET"]}}],"collection":[{"href":"https:\/\/entrevilleetcampagne.fr\/index.php\/wp-json\/wp\/v2\/pages"}],"about":[{"href":"https:\/\/entrevilleetcampagne.fr\/index.php\/wp-json\/wp\/v2\/types\/page"}],"author":[{"embeddable":true,"href":"https:\/\/entrevilleetcampagne.fr\/index.php\/wp-json\/wp\/v2\/users\/1"}],"replies":[{"embeddable":true,"href":"https:\/\/entrevilleetcampagne.fr\/index.php\/wp-json\/wp\/v2\/comments?post=32"}],"version-history":[{"count":13,"href":"https:\/\/entrevilleetcampagne.fr\/index.php\/wp-json\/wp\/v2\/pages\/32\/revisions"}],"predecessor-version":[{"id":254,"href":"https:\/\/entrevilleetcampagne.fr\/index.php\/wp-json\/wp\/v2\/pages\/32\/revisions\/254"}],"wp:attachment":[{"href":"https:\/\/entrevilleetcampagne.fr\/index.php\/wp-json\/wp\/v2\/media?parent=32"}],"curies":[{"name":"wp","href":"https:\/\/api.w.org\/{rel}","templated":true}]}}